{"id":483,"date":"2024-01-30T10:29:02","date_gmt":"2024-01-30T10:29:02","guid":{"rendered":"https:\/\/elbe.ee\/valjalaskesusteem\/"},"modified":"2024-04-04T19:33:31","modified_gmt":"2024-04-04T19:33:31","slug":"valjalaskesusteem-2","status":"publish","type":"page","link":"https:\/\/elbe.ee\/et\/valjalaskesusteem-2\/","title":{"rendered":"V\u00e4ljalaskes\u00fcsteem"},"content":{"rendered":"<style type=\"text\/css\" data-created_by=\"avia_inline_auto\" id=\"style-css-av-lox361cv-36b7c1781ad20942078d61fae7f2e548\">\n#top .av-special-heading.av-lox361cv-36b7c1781ad20942078d61fae7f2e548{\npadding-bottom:10px;\n}\nbody .av-special-heading.av-lox361cv-36b7c1781ad20942078d61fae7f2e548 .av-special-heading-tag .heading-char{\nfont-size:25px;\n}\n.av-special-heading.av-lox361cv-36b7c1781ad20942078d61fae7f2e548 .av-subheading{\nfont-size:15px;\n}\n<\/style>\n<div  class='av-special-heading av-lox361cv-36b7c1781ad20942078d61fae7f2e548 av-special-heading-h1 blockquote modern-quote  avia-builder-el-0  el_before_av_textblock  avia-builder-el-first'><h1 class='av-special-heading-tag'  itemprop=\"headline\"  >V\u00e4ljalaskes\u00fcsteem<\/h1><div class=\"special-heading-border\"><div class=\"special-heading-inner-border\"><\/div><\/div><\/div>\n<section  class='av_textblock_section av-lox35tql-42a216ace806c23b5e7d13ef55bed2eb'   itemscope=\"itemscope\" itemtype=\"https:\/\/schema.org\/CreativeWork\" ><div class='avia_textblock'  itemprop=\"text\" ><h2><strong>Roostevabast materjalist k\u00e4sit\u00f6\u00f6na valmistatud v\u00e4ljalaskekollektorid koos leegitorudega :<\/strong><\/h2>\n<h3>W126 C126 keremudelile<\/h3>\n<h3><\/h3>\n<h3><\/h3>\n<h3>W107 R107 keremudelile<\/h3>\n<h4><\/h4>\n<h2>K\u00e4sit\u00f6\u00f6na s\u00fcsinikterasest valmistatud turbokollektorid:<\/h2>\n<h4>M117 \u2013 R107 W107 , C126 W126,<\/h4>\n<h4>M103 \u2013 W201 , W124\u00a0 jne<\/h4>\n<h4>M104 \u2013 W201 , W124\u00a0 jne<\/h4>\n<h4>M111 \u2013 W201 , W202, W124\u00a0 jne<\/h4>\n<h4>M102-8V \u2013 W201 , W124\u00a0 jne<\/h4>\n<h4>M102-16V \u2013 W201<\/h4>\n<h4>OM601-OM606 T3 \/ T4<\/h4>\n<\/div><\/section>","protected":false},"excerpt":{"rendered":"","protected":false},"author":3,"featured_media":0,"parent":0,"menu_order":0,"comment_status":"closed","ping_status":"closed","template":"","meta":{"footnotes":""},"class_list":["post-483","page","type-page","status-publish","hentry"],"yoast_head":"<!-- This site is optimized with the Yoast SEO plugin v26.2 - https:\/\/yoast.com\/wordpress\/plugins\/seo\/ -->\n<title>V\u00e4ljalaskes\u00fcsteem - Elbe Engineering<\/title>\n<meta name=\"robots\" content=\"index, follow, max-snippet:-1, max-image-preview:large, max-video-preview:-1\" \/>\n<link rel=\"canonical\" href=\"https:\/\/elbe.ee\/et\/tooted__trashed\/valjalaskesusteem-2\/\" \/>\n<meta property=\"og:locale\" content=\"et_EE\" \/>\n<meta property=\"og:type\" content=\"article\" \/>\n<meta property=\"og:title\" content=\"V\u00e4ljalaskes\u00fcsteem - Elbe Engineering\" \/>\n<meta property=\"og:url\" content=\"https:\/\/elbe.ee\/et\/tooted__trashed\/valjalaskesusteem-2\/\" \/>\n<meta property=\"og:site_name\" content=\"Elbe Engineering\" \/>\n<meta property=\"article:modified_time\" content=\"2024-04-04T19:33:31+00:00\" \/>\n<meta name=\"twitter:card\" content=\"summary_large_image\" \/>\n<meta name=\"twitter:label1\" content=\"Est. reading time\" \/>\n\t<meta name=\"twitter:data1\" content=\"1 minut\" \/>\n<script type=\"application\/ld+json\" class=\"yoast-schema-graph\">{\"@context\":\"https:\/\/schema.org\",\"@graph\":[{\"@type\":\"WebPage\",\"@id\":\"https:\/\/elbe.ee\/tooted__trashed\/valjalaskesusteem-2\/\",\"url\":\"https:\/\/elbe.ee\/tooted__trashed\/valjalaskesusteem-2\/\",\"name\":\"V\u00e4ljalaskes\u00fcsteem - Elbe Engineering\",\"isPartOf\":{\"@id\":\"https:\/\/elbe.ee\/#website\"},\"datePublished\":\"2024-01-30T10:29:02+00:00\",\"dateModified\":\"2024-04-04T19:33:31+00:00\",\"breadcrumb\":{\"@id\":\"https:\/\/elbe.ee\/tooted__trashed\/valjalaskesusteem-2\/#breadcrumb\"},\"inLanguage\":\"et\",\"potentialAction\":[{\"@type\":\"ReadAction\",\"target\":[\"https:\/\/elbe.ee\/tooted__trashed\/valjalaskesusteem-2\/\"]}]},{\"@type\":\"BreadcrumbList\",\"@id\":\"https:\/\/elbe.ee\/tooted__trashed\/valjalaskesusteem-2\/#breadcrumb\",\"itemListElement\":[{\"@type\":\"ListItem\",\"position\":1,\"name\":\"Home\",\"item\":\"https:\/\/elbe.ee\/esileht\/\"},{\"@type\":\"ListItem\",\"position\":2,\"name\":\"V\u00e4ljalaskes\u00fcsteem\"}]},{\"@type\":\"WebSite\",\"@id\":\"https:\/\/elbe.ee\/#website\",\"url\":\"https:\/\/elbe.ee\/\",\"name\":\"Elbe Engineering\",\"description\":\"\",\"publisher\":{\"@id\":\"https:\/\/elbe.ee\/#organization\"},\"potentialAction\":[{\"@type\":\"SearchAction\",\"target\":{\"@type\":\"EntryPoint\",\"urlTemplate\":\"https:\/\/elbe.ee\/?s={search_term_string}\"},\"query-input\":{\"@type\":\"PropertyValueSpecification\",\"valueRequired\":true,\"valueName\":\"search_term_string\"}}],\"inLanguage\":\"et\"},{\"@type\":\"Organization\",\"@id\":\"https:\/\/elbe.ee\/#organization\",\"name\":\"Elbe Engineering O\u00dc\",\"url\":\"https:\/\/elbe.ee\/\",\"logo\":{\"@type\":\"ImageObject\",\"inLanguage\":\"et\",\"@id\":\"https:\/\/elbe.ee\/#\/schema\/logo\/image\/\",\"url\":\"https:\/\/elbe.ee\/wp-content\/uploads\/2023\/11\/elbe-2.png\",\"contentUrl\":\"https:\/\/elbe.ee\/wp-content\/uploads\/2023\/11\/elbe-2.png\",\"width\":461,\"height\":519,\"caption\":\"Elbe Engineering O\u00dc\"},\"image\":{\"@id\":\"https:\/\/elbe.ee\/#\/schema\/logo\/image\/\"}}]}<\/script>\n<!-- \/ Yoast SEO plugin. -->","yoast_head_json":{"title":"V\u00e4ljalaskes\u00fcsteem - Elbe Engineering","robots":{"index":"index","follow":"follow","max-snippet":"max-snippet:-1","max-image-preview":"max-image-preview:large","max-video-preview":"max-video-preview:-1"},"canonical":"https:\/\/elbe.ee\/et\/tooted__trashed\/valjalaskesusteem-2\/","og_locale":"et_EE","og_type":"article","og_title":"V\u00e4ljalaskes\u00fcsteem - Elbe Engineering","og_url":"https:\/\/elbe.ee\/et\/tooted__trashed\/valjalaskesusteem-2\/","og_site_name":"Elbe Engineering","article_modified_time":"2024-04-04T19:33:31+00:00","twitter_card":"summary_large_image","twitter_misc":{"Est. reading time":"1 minut"},"schema":{"@context":"https:\/\/schema.org","@graph":[{"@type":"WebPage","@id":"https:\/\/elbe.ee\/tooted__trashed\/valjalaskesusteem-2\/","url":"https:\/\/elbe.ee\/tooted__trashed\/valjalaskesusteem-2\/","name":"V\u00e4ljalaskes\u00fcsteem - Elbe Engineering","isPartOf":{"@id":"https:\/\/elbe.ee\/#website"},"datePublished":"2024-01-30T10:29:02+00:00","dateModified":"2024-04-04T19:33:31+00:00","breadcrumb":{"@id":"https:\/\/elbe.ee\/tooted__trashed\/valjalaskesusteem-2\/#breadcrumb"},"inLanguage":"et","potentialAction":[{"@type":"ReadAction","target":["https:\/\/elbe.ee\/tooted__trashed\/valjalaskesusteem-2\/"]}]},{"@type":"BreadcrumbList","@id":"https:\/\/elbe.ee\/tooted__trashed\/valjalaskesusteem-2\/#breadcrumb","itemListElement":[{"@type":"ListItem","position":1,"name":"Home","item":"https:\/\/elbe.ee\/esileht\/"},{"@type":"ListItem","position":2,"name":"V\u00e4ljalaskes\u00fcsteem"}]},{"@type":"WebSite","@id":"https:\/\/elbe.ee\/#website","url":"https:\/\/elbe.ee\/","name":"Elbe Engineering","description":"","publisher":{"@id":"https:\/\/elbe.ee\/#organization"},"potentialAction":[{"@type":"SearchAction","target":{"@type":"EntryPoint","urlTemplate":"https:\/\/elbe.ee\/?s={search_term_string}"},"query-input":{"@type":"PropertyValueSpecification","valueRequired":true,"valueName":"search_term_string"}}],"inLanguage":"et"},{"@type":"Organization","@id":"https:\/\/elbe.ee\/#organization","name":"Elbe Engineering O\u00dc","url":"https:\/\/elbe.ee\/","logo":{"@type":"ImageObject","inLanguage":"et","@id":"https:\/\/elbe.ee\/#\/schema\/logo\/image\/","url":"https:\/\/elbe.ee\/wp-content\/uploads\/2023\/11\/elbe-2.png","contentUrl":"https:\/\/elbe.ee\/wp-content\/uploads\/2023\/11\/elbe-2.png","width":461,"height":519,"caption":"Elbe Engineering O\u00dc"},"image":{"@id":"https:\/\/elbe.ee\/#\/schema\/logo\/image\/"}}]}},"_links":{"self":[{"href":"https:\/\/elbe.ee\/et\/wp-json\/wp\/v2\/pages\/483","targetHints":{"allow":["GET"]}}],"collection":[{"href":"https:\/\/elbe.ee\/et\/wp-json\/wp\/v2\/pages"}],"about":[{"href":"https:\/\/elbe.ee\/et\/wp-json\/wp\/v2\/types\/page"}],"author":[{"embeddable":true,"href":"https:\/\/elbe.ee\/et\/wp-json\/wp\/v2\/users\/3"}],"replies":[{"embeddable":true,"href":"https:\/\/elbe.ee\/et\/wp-json\/wp\/v2\/comments?post=483"}],"version-history":[{"count":6,"href":"https:\/\/elbe.ee\/et\/wp-json\/wp\/v2\/pages\/483\/revisions"}],"predecessor-version":[{"id":928,"href":"https:\/\/elbe.ee\/et\/wp-json\/wp\/v2\/pages\/483\/revisions\/928"}],"wp:attachment":[{"href":"https:\/\/elbe.ee\/et\/wp-json\/wp\/v2\/media?parent=483"}],"curies":[{"name":"wp","href":"https:\/\/api.w.org\/{rel}","templated":true}]}}