{"id":6963,"date":"2025-10-12T11:08:01","date_gmt":"2025-10-12T11:08:01","guid":{"rendered":"https:\/\/elbe.ee\/?page_id=6963"},"modified":"2026-01-05T11:44:50","modified_gmt":"2026-01-05T11:44:50","slug":"our-story","status":"publish","type":"page","link":"https:\/\/elbe.ee\/et\/our-story\/","title":{"rendered":"Ettev\u00f5ttest"},"content":{"rendered":"<style type=\"text\/css\" data-created_by=\"avia_inline_auto\" id=\"style-css-av-gxdrs-3084b719d48a17bf555c61c4f6dbd18b\">\n.avia-section.av-gxdrs-3084b719d48a17bf555c61c4f6dbd18b{\nbackground-color:#ffffff;\nbackground-image:unset;\n}\n<\/style>\n<div id='av_section_1'  class='avia-section av-gxdrs-3084b719d48a17bf555c61c4f6dbd18b main_color avia-section-default avia-no-border-styling  avia-builder-el-0  avia-builder-el-no-sibling  avia-bg-style-scroll container_wrap sidebar_left'  ><div class='container av-section-cont-open' ><main  role=\"main\" itemprop=\"mainContentOfPage\"  class='template-page content  av-content-small units'><div class='post-entry post-entry-type-page post-entry-6963'><div class='entry-content-wrapper clearfix'>\n<section  class='av_textblock_section av-mgnlosxq-c7e44d7faeb79644d68411c5c1097f0a'   itemscope=\"itemscope\" itemtype=\"https:\/\/schema.org\/CreativeWork\" ><div class='avia_textblock'  itemprop=\"text\" ><h1>Ettev\u00f5ttest<\/h1>\n<p>Ettev\u00f5te asutati 2008. aasta veebruaris Hendrik Elbe poolt.<\/p>\n<p>Autot\u00f6\u00f6stuslik inseneeria \u2013 Sellest ajast alates olen arendanud uuenduslikke lisadetaile Mercedes-Benz mudelitele \u2013 eriti vanematele mudelitele, et inimesed saaksid nautida klassikalisi autosid t\u00e4nap\u00e4evaste lahendustega, nagu elektrooniline k\u00fctusepritse, elektrooniline automaatk\u00e4igukast ja muu sarnane. Mitte ainult Mercedes, vaid ka teised autod nagu BMW, Porsche, Audi, mitmed Jaapani (JDM) ja Ameerika mudelid\u2026 Lisaks ka paadid ja mootorrattad.<\/p>\n<p>T\u00f6\u00f6stuslik inseneeria \u2013 koost\u00f6\u00f6 erinevate \u00fclikoolidega ja mitmete innovatsiooniprojektide elluviimine.<\/p>\n<p>Arendame ja ehitame erinevaid roboteid\/robotk\u00e4sivarsi, montaa\u017ei- ja tootmisliine ning muud tehnikaseadmeid. Toodame roostevabast terasest masinaid toiduainete t\u00f6\u00f6tlemiseks.<\/p>\n<p>Arendame tarkvara ja riistvara mehaaniliste masinate jaoks.<\/p>\n<p>Pakume digitaalset juhendamist \/ infotabloosid ja puuteekraane erinevateks rakendusteks \u2013 kaubanduskeskustes, iseteeninduspunktides, tehastes, ladudes, avalikes kohtades ning ka suurtele \u00fcritustele m\u00f5eldud ekraanilahendusi.<\/p>\n<p><strong>Meil on kliente rohkem kui 60 erinevast riigist \u00fcle maailma!<\/strong><\/p>\n<p>Kuna t\u00f6\u00f6tan rahvusvaheliselt ja v\u00e4ga erinevate inimestega, olen \u00f5ppinud mitmeid keeli. Emakeel on eesti keel, kuid olen \u00f5ppinud inglise, saksa, vene ja hiina keelt ning praegu \u00f5pin prantsuse ja itaalia keelt, et parandada suhtlemist klientidega.<\/p>\n<p>Pakume laia valikut enda arendatud tooteid, nagu EFI-s\u00fcsteemid, roostevabast terasest v\u00e4ljalaskes\u00fcsteemid, turbo- ja kompressorkomplektid, alumiiniumist rihmarattad, erinevad sisselaskekollektorid, piiratud libisemisega diferentsiaali \u00fcmberehituskomplektid, kronsteinid ja muud t\u00e4iustusdetailid.<\/p>\n<p>Uusi arendusi lisandub pidevalt ning pakume ka t\u00e4ielikult kohandatud detaile vastavalt kliendi soovile. Alates ideest kuni kujunduse ja l\u00f5pliku tooteni \u2013 k\u00e4sitsi valmistatud, CNC-t\u00f6\u00f6deldud v\u00f5i isegi 3D-metallprintimise teel loodud detailid keerukate disainide jaoks.<\/p>\n<p><img loading=\"lazy\" decoding=\"async\" class=\"size-medium aligncenter\" src=\"https:\/\/elbe.ee\/wp-content\/uploads\/2023\/11\/elbe-2-266x300.png\" width=\"266\" height=\"300\" \/><\/p>\n<h3><strong>Elbe Engineering (O\u00dc) on ametlik kaubam\u00e4rk ja logo. Kui n\u00e4ed logo koos domeeniga elbe.ee, v\u00f5id olla kindel, et tegemist on originaaltootega, mitte koopiaga minu toodangust<\/strong>.<\/h3>\n<p><strong>Mitmed ettev\u00f5tted ja isikud pakuvad koopiaid minu toodetest ning kasutavad isegi minu pilte, eemaldades logod ja asendades need v\u00f5ltsitud versioonidega.<\/strong><br \/>\n<strong> V\u00f5rdle pilte ja k\u00fcsi vajadusel minult abi.<\/strong><\/p>\n<p><strong>2021 aasta septembris varastas grupp inimesi kogu Elbe Engineering O\u00dc laoseisu ning Eesti politsei uurib juhtumit siiani\u2026 aeglaselt. Samal ajal m\u00fc\u00fcb sama grupp minu osi erinevate ettev\u00f5tete ja eraisikute kaudu.<\/strong><\/p>\n<p><strong>I have been informed many many times about<a href=\"https:\/\/www.e-krediidiinfo.ee\/16602959-ONENGINEERING-O%C3%9C\"> &#8221; 63engineering &#8220;<\/a> is selling parts that are probably stolen from me. People have got my produced parts with my logos on. Of course they don`t know anything about EFI systems because it`s developed by me. They stole and copied something but actually it won\u00b4t work and You need my further assistance and new parts to make it done&#8230;.They are not legit resellers or anything.\u00a0 They are using my pictures (logos photoshopped off) and story of my company &#8211; I started in 2008 &#8211; Their company is registered in 2022 &#8211; just after my parts\/cars\/all workshop equipment being stolen.\u00a0\u00a0<\/strong><\/p>\n<p><strong>Please let me know who have bought them and have problems &#8211; I have all information about this group of scammers &#8211; I can help to make statement to police.\u00a0<\/strong><\/p>\n<p><strong>Police started criminal investigation about stealing my parts but we need to collect more evidence &#8211; Please send us (or directly to Estonian Police) invoices, conversations and so on to help me and real enthusiasts!\u00a0<\/strong><\/p>\n<p><strong>Kui keegi teine Eestist pakub Mercedes-Benz t\u00e4iendusosi, on need suure t\u00f5en\u00e4osusega Elbe Engineering O\u00dc \/ Hendrik Elbe omand.\n\u00c4ra toeta pettureid ega vargaid. Anna mulle teada, kui n\u00e4ed minu tooteid m\u00fc\u00fcgil.<\/strong><\/p>\n<\/div><\/section>\n<\/div><\/div><\/main><!-- close content main element --><\/div><\/div><div id='after_section_1'  class='main_color av_default_container_wrap container_wrap sidebar_left'  ><div class='container av-section-cont-open' ><div class='template-page content  av-content-small units'><div class='post-entry post-entry-type-page post-entry-6963'><div class='entry-content-wrapper clearfix'>","protected":false},"excerpt":{"rendered":"","protected":false},"author":3,"featured_media":0,"parent":0,"menu_order":0,"comment_status":"closed","ping_status":"closed","template":"","meta":{"footnotes":""},"class_list":["post-6963","page","type-page","status-publish","hentry"],"yoast_head":"<!-- This site is optimized with the Yoast SEO plugin v26.2 - https:\/\/yoast.com\/wordpress\/plugins\/seo\/ -->\n<title>Our Story - Elbe Engineering<\/title>\n<meta name=\"robots\" content=\"index, follow, max-snippet:-1, max-image-preview:large, max-video-preview:-1\" \/>\n<link rel=\"canonical\" href=\"https:\/\/elbe.ee\/et\/our-story\/\" \/>\n<meta property=\"og:locale\" content=\"et_EE\" \/>\n<meta property=\"og:type\" content=\"article\" \/>\n<meta property=\"og:title\" content=\"Our Story - Elbe Engineering\" \/>\n<meta property=\"og:url\" content=\"https:\/\/elbe.ee\/et\/our-story\/\" \/>\n<meta property=\"og:site_name\" content=\"Elbe Engineering\" \/>\n<meta property=\"article:modified_time\" content=\"2026-01-05T11:44:50+00:00\" \/>\n<meta property=\"og:image\" content=\"https:\/\/elbe.ee\/wp-content\/uploads\/2023\/11\/elbe-2-266x300.png\" \/>\n<meta name=\"twitter:card\" content=\"summary_large_image\" \/>\n<meta name=\"twitter:label1\" content=\"Est. reading time\" \/>\n\t<meta name=\"twitter:data1\" content=\"4 minutit\" \/>\n<script type=\"application\/ld+json\" class=\"yoast-schema-graph\">{\"@context\":\"https:\/\/schema.org\",\"@graph\":[{\"@type\":\"WebPage\",\"@id\":\"https:\/\/elbe.ee\/our-story\/\",\"url\":\"https:\/\/elbe.ee\/our-story\/\",\"name\":\"Our Story - Elbe Engineering\",\"isPartOf\":{\"@id\":\"https:\/\/elbe.ee\/#website\"},\"primaryImageOfPage\":{\"@id\":\"https:\/\/elbe.ee\/our-story\/#primaryimage\"},\"image\":{\"@id\":\"https:\/\/elbe.ee\/our-story\/#primaryimage\"},\"thumbnailUrl\":\"https:\/\/elbe.ee\/wp-content\/uploads\/2023\/11\/elbe-2-266x300.png\",\"datePublished\":\"2025-10-12T11:08:01+00:00\",\"dateModified\":\"2026-01-05T11:44:50+00:00\",\"breadcrumb\":{\"@id\":\"https:\/\/elbe.ee\/our-story\/#breadcrumb\"},\"inLanguage\":\"et\",\"potentialAction\":[{\"@type\":\"ReadAction\",\"target\":[\"https:\/\/elbe.ee\/our-story\/\"]}]},{\"@type\":\"ImageObject\",\"inLanguage\":\"et\",\"@id\":\"https:\/\/elbe.ee\/our-story\/#primaryimage\",\"url\":\"https:\/\/elbe.ee\/wp-content\/uploads\/2023\/11\/elbe-2-266x300.png\",\"contentUrl\":\"https:\/\/elbe.ee\/wp-content\/uploads\/2023\/11\/elbe-2-266x300.png\"},{\"@type\":\"BreadcrumbList\",\"@id\":\"https:\/\/elbe.ee\/our-story\/#breadcrumb\",\"itemListElement\":[{\"@type\":\"ListItem\",\"position\":1,\"name\":\"Home\",\"item\":\"https:\/\/elbe.ee\/esileht\/\"},{\"@type\":\"ListItem\",\"position\":2,\"name\":\"Our Story\"}]},{\"@type\":\"WebSite\",\"@id\":\"https:\/\/elbe.ee\/#website\",\"url\":\"https:\/\/elbe.ee\/\",\"name\":\"Elbe Engineering\",\"description\":\"\",\"publisher\":{\"@id\":\"https:\/\/elbe.ee\/#organization\"},\"potentialAction\":[{\"@type\":\"SearchAction\",\"target\":{\"@type\":\"EntryPoint\",\"urlTemplate\":\"https:\/\/elbe.ee\/?s={search_term_string}\"},\"query-input\":{\"@type\":\"PropertyValueSpecification\",\"valueRequired\":true,\"valueName\":\"search_term_string\"}}],\"inLanguage\":\"et\"},{\"@type\":\"Organization\",\"@id\":\"https:\/\/elbe.ee\/#organization\",\"name\":\"Elbe Engineering O\u00dc\",\"url\":\"https:\/\/elbe.ee\/\",\"logo\":{\"@type\":\"ImageObject\",\"inLanguage\":\"et\",\"@id\":\"https:\/\/elbe.ee\/#\/schema\/logo\/image\/\",\"url\":\"https:\/\/elbe.ee\/wp-content\/uploads\/2023\/11\/elbe-2.png\",\"contentUrl\":\"https:\/\/elbe.ee\/wp-content\/uploads\/2023\/11\/elbe-2.png\",\"width\":461,\"height\":519,\"caption\":\"Elbe Engineering O\u00dc\"},\"image\":{\"@id\":\"https:\/\/elbe.ee\/#\/schema\/logo\/image\/\"}}]}<\/script>\n<!-- \/ Yoast SEO plugin. -->","yoast_head_json":{"title":"Our Story - Elbe Engineering","robots":{"index":"index","follow":"follow","max-snippet":"max-snippet:-1","max-image-preview":"max-image-preview:large","max-video-preview":"max-video-preview:-1"},"canonical":"https:\/\/elbe.ee\/et\/our-story\/","og_locale":"et_EE","og_type":"article","og_title":"Our Story - Elbe Engineering","og_url":"https:\/\/elbe.ee\/et\/our-story\/","og_site_name":"Elbe Engineering","article_modified_time":"2026-01-05T11:44:50+00:00","og_image":[{"url":"https:\/\/elbe.ee\/wp-content\/uploads\/2023\/11\/elbe-2-266x300.png","type":"","width":"","height":""}],"twitter_card":"summary_large_image","twitter_misc":{"Est. reading time":"4 minutit"},"schema":{"@context":"https:\/\/schema.org","@graph":[{"@type":"WebPage","@id":"https:\/\/elbe.ee\/our-story\/","url":"https:\/\/elbe.ee\/our-story\/","name":"Our Story - Elbe Engineering","isPartOf":{"@id":"https:\/\/elbe.ee\/#website"},"primaryImageOfPage":{"@id":"https:\/\/elbe.ee\/our-story\/#primaryimage"},"image":{"@id":"https:\/\/elbe.ee\/our-story\/#primaryimage"},"thumbnailUrl":"https:\/\/elbe.ee\/wp-content\/uploads\/2023\/11\/elbe-2-266x300.png","datePublished":"2025-10-12T11:08:01+00:00","dateModified":"2026-01-05T11:44:50+00:00","breadcrumb":{"@id":"https:\/\/elbe.ee\/our-story\/#breadcrumb"},"inLanguage":"et","potentialAction":[{"@type":"ReadAction","target":["https:\/\/elbe.ee\/our-story\/"]}]},{"@type":"ImageObject","inLanguage":"et","@id":"https:\/\/elbe.ee\/our-story\/#primaryimage","url":"https:\/\/elbe.ee\/wp-content\/uploads\/2023\/11\/elbe-2-266x300.png","contentUrl":"https:\/\/elbe.ee\/wp-content\/uploads\/2023\/11\/elbe-2-266x300.png"},{"@type":"BreadcrumbList","@id":"https:\/\/elbe.ee\/our-story\/#breadcrumb","itemListElement":[{"@type":"ListItem","position":1,"name":"Home","item":"https:\/\/elbe.ee\/esileht\/"},{"@type":"ListItem","position":2,"name":"Our Story"}]},{"@type":"WebSite","@id":"https:\/\/elbe.ee\/#website","url":"https:\/\/elbe.ee\/","name":"Elbe Engineering","description":"","publisher":{"@id":"https:\/\/elbe.ee\/#organization"},"potentialAction":[{"@type":"SearchAction","target":{"@type":"EntryPoint","urlTemplate":"https:\/\/elbe.ee\/?s={search_term_string}"},"query-input":{"@type":"PropertyValueSpecification","valueRequired":true,"valueName":"search_term_string"}}],"inLanguage":"et"},{"@type":"Organization","@id":"https:\/\/elbe.ee\/#organization","name":"Elbe Engineering O\u00dc","url":"https:\/\/elbe.ee\/","logo":{"@type":"ImageObject","inLanguage":"et","@id":"https:\/\/elbe.ee\/#\/schema\/logo\/image\/","url":"https:\/\/elbe.ee\/wp-content\/uploads\/2023\/11\/elbe-2.png","contentUrl":"https:\/\/elbe.ee\/wp-content\/uploads\/2023\/11\/elbe-2.png","width":461,"height":519,"caption":"Elbe Engineering O\u00dc"},"image":{"@id":"https:\/\/elbe.ee\/#\/schema\/logo\/image\/"}}]}},"_links":{"self":[{"href":"https:\/\/elbe.ee\/et\/wp-json\/wp\/v2\/pages\/6963","targetHints":{"allow":["GET"]}}],"collection":[{"href":"https:\/\/elbe.ee\/et\/wp-json\/wp\/v2\/pages"}],"about":[{"href":"https:\/\/elbe.ee\/et\/wp-json\/wp\/v2\/types\/page"}],"author":[{"embeddable":true,"href":"https:\/\/elbe.ee\/et\/wp-json\/wp\/v2\/users\/3"}],"replies":[{"embeddable":true,"href":"https:\/\/elbe.ee\/et\/wp-json\/wp\/v2\/comments?post=6963"}],"version-history":[{"count":6,"href":"https:\/\/elbe.ee\/et\/wp-json\/wp\/v2\/pages\/6963\/revisions"}],"predecessor-version":[{"id":7243,"href":"https:\/\/elbe.ee\/et\/wp-json\/wp\/v2\/pages\/6963\/revisions\/7243"}],"wp:attachment":[{"href":"https:\/\/elbe.ee\/et\/wp-json\/wp\/v2\/media?parent=6963"}],"curies":[{"name":"wp","href":"https:\/\/api.w.org\/{rel}","templated":true}]}}